{"id":1556,"date":"2025-01-28T13:09:38","date_gmt":"2025-01-28T13:09:38","guid":{"rendered":"https:\/\/andjusicshootingcamp.com\/?page_id=1556"},"modified":"2025-12-02T08:19:20","modified_gmt":"2025-12-02T08:19:20","slug":"previous-camps","status":"publish","type":"page","link":"https:\/\/andjusicshootingcamp.com\/en\/previous-camps\/","title":{"rendered":"Previous Camps"},"content":{"rendered":"<section class=\"banner-section wide\" \n    data-desktop-bg=\"https:\/\/andjusicshootingcamp.com\/wp-content\/uploads\/2025\/01\/Camp-2024-hero-image-1.png\"\n    data-mobile-bg=\"https:\/\/andjusicshootingcamp.com\/wp-content\/uploads\/2025\/01\/Mobile-Hero-2-1.png\"\n>\n    <div class=\"banner-content\">\n        <h1>Previous Camps<\/h1>\n        <p><\/p>\n    <\/div>\n        <div class=\"yt-overlay up\"><\/div>\n    <div class=\"yt-overlay down\"><\/div>\n<\/section>\n\n<script>\n\/\/ Immediately set the background when the element is parsed\n(function() {\n    function updateBannerBackground() {\n        const banner = document.querySelector('.banner-section');\n        if (!banner) return;\n\n        const isMobile = window.innerWidth <= 768;\n        const image = isMobile \n            ? banner.getAttribute('data-mobile-bg') \n            : banner.getAttribute('data-desktop-bg');\n        banner.style.backgroundImage = `url('${image}')`;\n    }\n\n    \/\/ Initial call to set background immediately\n    updateBannerBackground();\n    \/\/ Update on resize\n    window.addEventListener('resize', updateBannerBackground);\n})();\n<\/script>\n\n<section class=\"image-text-cols content-wrapper anim-section\">\n    <h3 class=\"with-decoration about reveal-text\">\n        Camp 2025    <\/h3>\n    <div class=\"two-col-holder\">\n        <div class=\"col right\">\n                        <div class=\"reveal anim-image\">\n                <img decoding=\"async\" class=\"img-anim\" src=\"https:\/\/andjusicshootingcamp.com\/wp-content\/uploads\/2025\/11\/1-1.png\" alt=\"\">\n            <\/div>\n        <\/div>\n        <div class=\"col left narrow anim-text\">\n            <div class=\"text-holder anim-text\">\n                <p>\n                    This year\u2019s camp brought together 90 young athletes across three different sessions, welcoming participants from various European countries. The international environment encouraged the exchange of experiences, new friendships, and the strengthening of true sportsmanship.                <\/p>\n            <\/div>\n        <\/div>\n<\/section>\n\n<div class=\"two-col-holder content-wrapper with-video anim-section\">\n    <div class=\"col right anim-text\">\n        <h3 class=\"with-decoration reveal-text\">Comprehensive Athlete Development<\/h3>\n        <p class=\"anim-text\">Throughout the camp, participants worked not only on essential basketball fundamentals, but also on external factors crucial for athlete development \u2014 including sports psychology and proper nutrition, both key components of long-term progress.<\/p>\n    <\/div>\n    <div class=\"col left narrow\">\n                    <div class=\"about-video\">\n            <div class=\"reveal anim-image\">\n                <img decoding=\"async\" class=\"img-anim\" src=\"https:\/\/andjusicshootingcamp.com\/wp-content\/uploads\/2025\/11\/highlights4.png\" alt=\"User uploaded image\">\n            <\/div>\n            <\/div>\n            <\/div>\n<\/div>\n\n<section class=\"image-text-cols content-wrapper anim-section\">\n    <h3 class=\"with-decoration about reveal-text\">\n        Workshops and Insights from Elite Athletes    <\/h3>\n    <div class=\"two-col-holder\">\n        <div class=\"col right\">\n                        <div class=\"reveal anim-image\">\n                <img decoding=\"async\" class=\"img-anim\" src=\"https:\/\/andjusicshootingcamp.com\/wp-content\/uploads\/2025\/11\/10-1.png\" alt=\"\">\n            <\/div>\n        <\/div>\n        <div class=\"col left narrow anim-text\">\n            <div class=\"text-holder anim-text\">\n                <p>\n                    A special highlight of the camp were the numerous workshops and guest speakers, featuring renowned athletes such as Kevin Punter, Sonja Vasi\u0107, Klemen Prepeli\u010d, and Nemanja Dangubi\u0107. Their insights and experience provided invaluable motivation and knowledge to all attendees.                <\/p>\n            <\/div>\n        <\/div>\n<\/section>\n\n<section id=\"highlights-slider-block_5446688eaea3dcb48d85fdf8582b68db\" class=\"highlights-slider anim-section\" data-highlights-slider>\n    \n    <div class=\"highlights-slider__body\">\n        <div class=\"highlights-slider__viewport\">\n            <div class=\"highlights-slider__track\">\n                                    <article class=\"highlights-slider__slide\">\n                        <div class=\"highlights-slider__image reveal anim-image\">\n                                                            <img loading=\"lazy\" decoding=\"async\" width=\"374\" height=\"540\" src=\"https:\/\/andjusicshootingcamp.com\/wp-content\/uploads\/2025\/11\/highlights1.png\" class=\"img-anim\" alt=\"\" srcset=\"https:\/\/andjusicshootingcamp.com\/wp-content\/uploads\/2025\/11\/highlights1.png 374w, https:\/\/andjusicshootingcamp.com\/wp-content\/uploads\/2025\/11\/highlights1-208x300.png 208w\" sizes=\"(max-width: 374px) 100vw, 374px\" \/>                                                    <\/div>\n                                            <\/article>\n                                    <article class=\"highlights-slider__slide\">\n                        <div class=\"highlights-slider__image reveal anim-image\">\n                                                            <img loading=\"lazy\" decoding=\"async\" width=\"374\" height=\"540\" src=\"https:\/\/andjusicshootingcamp.com\/wp-content\/uploads\/2025\/11\/highlights2.png\" class=\"img-anim\" alt=\"\" srcset=\"https:\/\/andjusicshootingcamp.com\/wp-content\/uploads\/2025\/11\/highlights2.png 374w, https:\/\/andjusicshootingcamp.com\/wp-content\/uploads\/2025\/11\/highlights2-208x300.png 208w\" sizes=\"(max-width: 374px) 100vw, 374px\" \/>                                                    <\/div>\n                                            <\/article>\n                                    <article class=\"highlights-slider__slide\">\n                        <div class=\"highlights-slider__image reveal anim-image\">\n                                                            <img loading=\"lazy\" decoding=\"async\" width=\"374\" height=\"540\" src=\"https:\/\/andjusicshootingcamp.com\/wp-content\/uploads\/2025\/11\/highlights3.png\" class=\"img-anim\" alt=\"\" srcset=\"https:\/\/andjusicshootingcamp.com\/wp-content\/uploads\/2025\/11\/highlights3.png 374w, https:\/\/andjusicshootingcamp.com\/wp-content\/uploads\/2025\/11\/highlights3-208x300.png 208w\" sizes=\"(max-width: 374px) 100vw, 374px\" \/>                                                    <\/div>\n                                            <\/article>\n                                    <article class=\"highlights-slider__slide\">\n                        <div class=\"highlights-slider__image reveal anim-image\">\n                                                            <img loading=\"lazy\" decoding=\"async\" width=\"374\" height=\"540\" src=\"https:\/\/andjusicshootingcamp.com\/wp-content\/uploads\/2025\/11\/highlights4.png\" class=\"img-anim\" alt=\"\" srcset=\"https:\/\/andjusicshootingcamp.com\/wp-content\/uploads\/2025\/11\/highlights4.png 374w, https:\/\/andjusicshootingcamp.com\/wp-content\/uploads\/2025\/11\/highlights4-208x300.png 208w\" sizes=\"(max-width: 374px) 100vw, 374px\" \/>                                                    <\/div>\n                                            <\/article>\n                                    <article class=\"highlights-slider__slide\">\n                        <div class=\"highlights-slider__image reveal anim-image\">\n                                                            <img loading=\"lazy\" decoding=\"async\" width=\"374\" height=\"540\" src=\"https:\/\/andjusicshootingcamp.com\/wp-content\/uploads\/2025\/11\/highlights5.png\" class=\"img-anim\" alt=\"\" srcset=\"https:\/\/andjusicshootingcamp.com\/wp-content\/uploads\/2025\/11\/highlights5.png 374w, https:\/\/andjusicshootingcamp.com\/wp-content\/uploads\/2025\/11\/highlights5-208x300.png 208w\" sizes=\"(max-width: 374px) 100vw, 374px\" \/>                                                    <\/div>\n                                            <\/article>\n                            <\/div>\n        <\/div>\n        <div class=\"highlights-slider__footer\">\n            <div class=\"highlights-slider__progress\">\n                <span class=\"highlights-slider__progress-fill\"><\/span>\n            <\/div>\n            <div class=\"highlights-slider__controls\" aria-label=\"Slider controls\">\n                <button type=\"button\" class=\"highlights-slider__nav highlights-slider__nav--prev\" data-slider-prev\n                    aria-label=\"Show previous slides\">\n                    <span class=\"sr-only\">Previous<\/span>\n                    <svg xmlns=\"http:\/\/www.w3.org\/2000\/svg\" width=\"10\" height=\"16\" viewBox=\"0 0 10 16\" fill=\"none\">\n                        <path fill-rule=\"evenodd\" clip-rule=\"evenodd\" d=\"M10 14.3233L3.46546 8L10 1.67671L8.26727 -7.57401e-08L-6.03983e-07 8L8.26727 16L10 14.3233Z\" fill=\"white\" fill-opacity=\"0.5\"\/>\n                    <\/svg>\n                <\/button>\n               <button type=\"button\" class=\"highlights-slider__nav highlights-slider__nav--next\" data-slider-next aria-label=\"Show next slides\">\n                        <span class=\"sr-only\">Next<\/span>\n                         <svg xmlns=\"http:\/\/www.w3.org\/2000\/svg\" width=\"10\" height=\"16\" viewBox=\"0 0 10 16\" fill=\"none\">\n                            <path fill-rule=\"evenodd\" clip-rule=\"evenodd\" d=\"M10 14.3233L3.46546 8L10 1.67671L8.26727 -7.57401e-08L-6.03983e-07 8L8.26727 16L10 14.3233Z\" fill=\"white\"\/>\n                        <\/svg>\n                <\/button>\n            <\/div>\n        <\/div>\n    <\/div>\n<\/section>\n\n\n<section class=\"image-text-cols content-wrapper anim-section\">\n    <h3 class=\"with-decoration about reveal-text\">\n        Camp 2024    <\/h3>\n    <div class=\"two-col-holder\">\n        <div class=\"col right\">\n                        <div class=\"reveal anim-image\">\n                <img decoding=\"async\" class=\"img-anim\" src=\"https:\/\/andjusicshootingcamp.com\/wp-content\/uploads\/2025\/01\/CHI_0750-1.png\" alt=\"\">\n            <\/div>\n        <\/div>\n        <div class=\"col left narrow anim-text\">\n            <div class=\"text-holder anim-text\">\n                <p>\n                    The previous Danilo An\u0111u\u0161i\u0107 Shooting Camp was a resounding success, bringing together 76 young athletes from 9 different countries. Over the course of the camp, we focused not only on enhancing their basketball skills\u2014particularly shooting technique and game understanding\u2014but also on developing essential off-court skills such as teamwork, discipline, and mental toughness.                <\/p>\n            <\/div>\n        <\/div>\n<\/section>\n\n<div class=\"two-col-holder content-wrapper with-video anim-section\">\n    <div class=\"col right anim-text\">\n        <h3 class=\"with-decoration reveal-text\">Dedication on and off the court<\/h3>\n        <p class=\"anim-text\">The energy and dedication from the participants were incredible, and the positive feedback from players and parents alike confirmed the impact of our efforts. It was a memorable experience that inspired growth both on and off the court.\r\n<\/p>\n    <\/div>\n    <div class=\"col left narrow\">\n                    <div class=\"about-video\">\n            <div class=\"reveal anim-image\">\n                <img decoding=\"async\" class=\"img-anim\" src=\"https:\/\/andjusicshootingcamp.com\/wp-content\/uploads\/2025\/11\/405.png\" alt=\"User uploaded image\">\n            <\/div>\n            <\/div>\n            <\/div>\n<\/div>\n\n<section class=\"image-text-cols content-wrapper anim-section\">\n    <h3 class=\"with-decoration about reveal-text\">\n        Workshops    <\/h3>\n    <div class=\"two-col-holder\">\n        <div class=\"col right\">\n                        <div class=\"reveal anim-image\">\n                <img decoding=\"async\" class=\"img-anim\" src=\"https:\/\/andjusicshootingcamp.com\/wp-content\/uploads\/2025\/01\/Camp_2024_5-3.png\" alt=\"\">\n            <\/div>\n        <\/div>\n        <div class=\"col left narrow anim-text\">\n            <div class=\"text-holder anim-text\">\n                <p>\n                    During the camp, we organized workshops with experts from various fields, including a psychologist, a nutritionist, and a financial advisor. In these workshops, the children had the opportunity to learn about the importance of external factors that play a crucial role in the lives of young athletes. The psychologist helped participants understand how mental strength affects their performance, the nutritionist emphasized the importance of proper nutrition for achieving top results, and the financial advisor explained how to manage finances and plan for the future. Through these discussions, the children gained valuable insights that will help them not only in sports but also in their daily lives.                <\/p>\n            <\/div>\n        <\/div>\n<\/section>\n\n\n\n<section class=\"counter-section content-wrapper \">\n    <div class=\"counter-content-holder\">\n        <p>\n                    <\/p>\n        <div class=\"counter\">\n            <div class=\"item\">\n                <h6><span id=\"days\"><\/span><\/h6>\n                <p>\n                    days                <\/p>\n            <\/div>\n            <div class=\"item\">\n                <h6><span id=\"hours\"><\/span><\/h6>\n                <p>\n                    hours                <\/p>\n            <\/div>\n            <div class=\"item\">\n                <h6><span id=\"minutes\"><\/span><\/h6>\n                <p>\n                    minutes                <\/p>\n            <\/div>\n            <div class=\"item\">\n                <h6><span id=\"seconds\"><\/span><\/h6>\n                <p>\n                    seconds                <\/p>\n            <\/div>\n        <\/div>\n        <h3 class=\"reveal-text\">\n            Secure Your Spot Before It's Too Late!        <\/h3>\n        <p>\n            Limited Availability \u2013 Don't Miss Your Chance to Join Danilo Andju\u0161i\u0107 Shooting Camp available: June 22nd - July 12th 2026        <\/p>\n        <button class=\"violet with-front-arrow\"\n            onclick=\"window.location.href = 'https:\/\/andjusicshootingcamp.com\/en\/register\/'\">\n            REGISTER NOW        <\/button>\n    <\/div>\n    <div id=\"counter-ending-date\" style=\"display: none\">\n        20\/06\/2026    <\/div>\n<\/section>","protected":false},"excerpt":{"rendered":"","protected":false},"author":1,"featured_media":0,"parent":0,"menu_order":0,"comment_status":"closed","ping_status":"closed","template":"","meta":{"inline_featured_image":false,"footnotes":""},"acf":[],"yoast_head":"<!-- This site is optimized with the Yoast SEO plugin v22.2 - https:\/\/yoast.com\/wordpress\/plugins\/seo\/ -->\n<title>Previous Camps - DANILO AN\u0110U\u0160I\u0106 SHOOTING CAMP<\/title>\n<meta name=\"robots\" content=\"index, follow, max-snippet:-1, max-image-preview:large, max-video-preview:-1\" \/>\n<link rel=\"canonical\" href=\"https:\/\/andjusicshootingcamp.com\/en\/previous-camps\/\" \/>\n<meta property=\"og:locale\" content=\"en_US\" \/>\n<meta property=\"og:type\" content=\"article\" \/>\n<meta property=\"og:title\" content=\"Previous Camps - DANILO AN\u0110U\u0160I\u0106 SHOOTING CAMP\" \/>\n<meta property=\"og:url\" content=\"https:\/\/andjusicshootingcamp.com\/en\/previous-camps\/\" \/>\n<meta property=\"og:site_name\" content=\"DANILO AN\u0110U\u0160I\u0106 SHOOTING CAMP\" \/>\n<meta property=\"article:modified_time\" content=\"2025-12-02T08:19:20+00:00\" \/>\n<meta property=\"og:image\" content=\"https:\/\/andjusicshootingcamp.com\/wp-content\/uploads\/2024\/03\/danilo-andjusic-shooting-camp-og-image.png\" \/>\n\t<meta property=\"og:image:width\" content=\"2048\" \/>\n\t<meta property=\"og:image:height\" content=\"1024\" \/>\n\t<meta property=\"og:image:type\" content=\"image\/png\" \/>\n<meta name=\"twitter:card\" content=\"summary_large_image\" \/>\n<script type=\"application\/ld+json\" class=\"yoast-schema-graph\">{\"@context\":\"https:\/\/schema.org\",\"@graph\":[{\"@type\":\"WebPage\",\"@id\":\"https:\/\/andjusicshootingcamp.com\/en\/previous-camps\/\",\"url\":\"https:\/\/andjusicshootingcamp.com\/en\/previous-camps\/\",\"name\":\"Previous Camps - DANILO AN\u0110U\u0160I\u0106 SHOOTING CAMP\",\"isPartOf\":{\"@id\":\"https:\/\/andjusicshootingcamp.com\/#website\"},\"datePublished\":\"2025-01-28T13:09:38+00:00\",\"dateModified\":\"2025-12-02T08:19:20+00:00\",\"breadcrumb\":{\"@id\":\"https:\/\/andjusicshootingcamp.com\/en\/previous-camps\/#breadcrumb\"},\"inLanguage\":\"en-US\",\"potentialAction\":[{\"@type\":\"ReadAction\",\"target\":[\"https:\/\/andjusicshootingcamp.com\/en\/previous-camps\/\"]}]},{\"@type\":\"BreadcrumbList\",\"@id\":\"https:\/\/andjusicshootingcamp.com\/en\/previous-camps\/#breadcrumb\",\"itemListElement\":[{\"@type\":\"ListItem\",\"position\":1,\"name\":\"Home\",\"item\":\"https:\/\/andjusicshootingcamp.com\/en\/\"},{\"@type\":\"ListItem\",\"position\":2,\"name\":\"Previous Camps\"}]},{\"@type\":\"WebSite\",\"@id\":\"https:\/\/andjusicshootingcamp.com\/#website\",\"url\":\"https:\/\/andjusicshootingcamp.com\/\",\"name\":\"andjusicshootingcamp.com\",\"description\":\"Pridru\u017eite se na\u0161em ko\u0161arka\u0161kom kampu od od 23. juna do 11. jula.\",\"publisher\":{\"@id\":\"https:\/\/andjusicshootingcamp.com\/#organization\"},\"alternateName\":\"AN\u0110U\u0160I\u0106 SHOOTING CAMP\",\"potentialAction\":[{\"@type\":\"SearchAction\",\"target\":{\"@type\":\"EntryPoint\",\"urlTemplate\":\"https:\/\/andjusicshootingcamp.com\/?s={search_term_string}\"},\"query-input\":\"required name=search_term_string\"}],\"inLanguage\":\"en-US\"},{\"@type\":\"Organization\",\"@id\":\"https:\/\/andjusicshootingcamp.com\/#organization\",\"name\":\"DANILO AN\u0110U\u0160I\u0106 SHOOTING CAMP\",\"alternateName\":\"AN\u0110U\u0160I\u0106 SHOOTING CAMP\",\"url\":\"https:\/\/andjusicshootingcamp.com\/\",\"logo\":{\"@type\":\"ImageObject\",\"inLanguage\":\"en-US\",\"@id\":\"https:\/\/andjusicshootingcamp.com\/#\/schema\/logo\/image\/\",\"url\":\"https:\/\/andjusicshootingcamp.com\/wp-content\/uploads\/2024\/03\/favicon-1.png\",\"contentUrl\":\"https:\/\/andjusicshootingcamp.com\/wp-content\/uploads\/2024\/03\/favicon-1.png\",\"width\":480,\"height\":480,\"caption\":\"DANILO AN\u0110U\u0160I\u0106 SHOOTING CAMP\"},\"image\":{\"@id\":\"https:\/\/andjusicshootingcamp.com\/#\/schema\/logo\/image\/\"},\"sameAs\":[\"https:\/\/www.instagram.com\/daniloandjusic.shootingcamp\/\"]}]}<\/script>\n<!-- \/ Yoast SEO plugin. -->","yoast_head_json":{"title":"Previous Camps - DANILO AN\u0110U\u0160I\u0106 SHOOTING CAMP","robots":{"index":"index","follow":"follow","max-snippet":"max-snippet:-1","max-image-preview":"max-image-preview:large","max-video-preview":"max-video-preview:-1"},"canonical":"https:\/\/andjusicshootingcamp.com\/en\/previous-camps\/","og_locale":"en_US","og_type":"article","og_title":"Previous Camps - DANILO AN\u0110U\u0160I\u0106 SHOOTING CAMP","og_url":"https:\/\/andjusicshootingcamp.com\/en\/previous-camps\/","og_site_name":"DANILO AN\u0110U\u0160I\u0106 SHOOTING CAMP","article_modified_time":"2025-12-02T08:19:20+00:00","og_image":[{"width":2048,"height":1024,"url":"https:\/\/andjusicshootingcamp.com\/wp-content\/uploads\/2024\/03\/danilo-andjusic-shooting-camp-og-image.png","type":"image\/png"}],"twitter_card":"summary_large_image","schema":{"@context":"https:\/\/schema.org","@graph":[{"@type":"WebPage","@id":"https:\/\/andjusicshootingcamp.com\/en\/previous-camps\/","url":"https:\/\/andjusicshootingcamp.com\/en\/previous-camps\/","name":"Previous Camps - DANILO AN\u0110U\u0160I\u0106 SHOOTING CAMP","isPartOf":{"@id":"https:\/\/andjusicshootingcamp.com\/#website"},"datePublished":"2025-01-28T13:09:38+00:00","dateModified":"2025-12-02T08:19:20+00:00","breadcrumb":{"@id":"https:\/\/andjusicshootingcamp.com\/en\/previous-camps\/#breadcrumb"},"inLanguage":"en-US","potentialAction":[{"@type":"ReadAction","target":["https:\/\/andjusicshootingcamp.com\/en\/previous-camps\/"]}]},{"@type":"BreadcrumbList","@id":"https:\/\/andjusicshootingcamp.com\/en\/previous-camps\/#breadcrumb","itemListElement":[{"@type":"ListItem","position":1,"name":"Home","item":"https:\/\/andjusicshootingcamp.com\/en\/"},{"@type":"ListItem","position":2,"name":"Previous Camps"}]},{"@type":"WebSite","@id":"https:\/\/andjusicshootingcamp.com\/#website","url":"https:\/\/andjusicshootingcamp.com\/","name":"andjusicshootingcamp.com","description":"Pridru\u017eite se na\u0161em ko\u0161arka\u0161kom kampu od od 23. juna do 11. jula.","publisher":{"@id":"https:\/\/andjusicshootingcamp.com\/#organization"},"alternateName":"AN\u0110U\u0160I\u0106 SHOOTING CAMP","potentialAction":[{"@type":"SearchAction","target":{"@type":"EntryPoint","urlTemplate":"https:\/\/andjusicshootingcamp.com\/?s={search_term_string}"},"query-input":"required name=search_term_string"}],"inLanguage":"en-US"},{"@type":"Organization","@id":"https:\/\/andjusicshootingcamp.com\/#organization","name":"DANILO AN\u0110U\u0160I\u0106 SHOOTING CAMP","alternateName":"AN\u0110U\u0160I\u0106 SHOOTING CAMP","url":"https:\/\/andjusicshootingcamp.com\/","logo":{"@type":"ImageObject","inLanguage":"en-US","@id":"https:\/\/andjusicshootingcamp.com\/#\/schema\/logo\/image\/","url":"https:\/\/andjusicshootingcamp.com\/wp-content\/uploads\/2024\/03\/favicon-1.png","contentUrl":"https:\/\/andjusicshootingcamp.com\/wp-content\/uploads\/2024\/03\/favicon-1.png","width":480,"height":480,"caption":"DANILO AN\u0110U\u0160I\u0106 SHOOTING CAMP"},"image":{"@id":"https:\/\/andjusicshootingcamp.com\/#\/schema\/logo\/image\/"},"sameAs":["https:\/\/www.instagram.com\/daniloandjusic.shootingcamp\/"]}]}},"_links":{"self":[{"href":"https:\/\/andjusicshootingcamp.com\/en\/wp-json\/wp\/v2\/pages\/1556"}],"collection":[{"href":"https:\/\/andjusicshootingcamp.com\/en\/wp-json\/wp\/v2\/pages"}],"about":[{"href":"https:\/\/andjusicshootingcamp.com\/en\/wp-json\/wp\/v2\/types\/page"}],"author":[{"embeddable":true,"href":"https:\/\/andjusicshootingcamp.com\/en\/wp-json\/wp\/v2\/users\/1"}],"replies":[{"embeddable":true,"href":"https:\/\/andjusicshootingcamp.com\/en\/wp-json\/wp\/v2\/comments?post=1556"}],"version-history":[{"count":39,"href":"https:\/\/andjusicshootingcamp.com\/en\/wp-json\/wp\/v2\/pages\/1556\/revisions"}],"predecessor-version":[{"id":2287,"href":"https:\/\/andjusicshootingcamp.com\/en\/wp-json\/wp\/v2\/pages\/1556\/revisions\/2287"}],"wp:attachment":[{"href":"https:\/\/andjusicshootingcamp.com\/en\/wp-json\/wp\/v2\/media?parent=1556"}],"curies":[{"name":"wp","href":"https:\/\/api.w.org\/{rel}","templated":true}]}}