{"id":24,"date":"2024-01-17T15:04:12","date_gmt":"2024-01-17T15:04:12","guid":{"rendered":"https:\/\/andjusicshootingcamp.com\/?page_id=24"},"modified":"2025-11-26T08:15:33","modified_gmt":"2025-11-26T08:15:33","slug":"coaches","status":"publish","type":"page","link":"https:\/\/andjusicshootingcamp.com\/en\/coaches\/","title":{"rendered":"Coaches"},"content":{"rendered":"<section class=\"banner-section wide\" \n    data-desktop-bg=\"https:\/\/andjusicshootingcamp.com\/wp-content\/uploads\/2025\/11\/Hero-Coaches-1.png\"\n    data-mobile-bg=\"https:\/\/andjusicshootingcamp.com\/wp-content\/uploads\/2025\/01\/Mobile-Hero-3-1.png\"\n>\n    <div class=\"banner-content\">\n        <h1>Coaches &#038; Staff<\/h1>\n        <p>The camp will take place from June 22nd to July 12th 2026, at the Omni center Valjevo.<br \/>\r\nThe camp will be divided into three shifts, each lasting 7 days.<\/p>\n    <\/div>\n        <div class=\"yt-overlay up\"><\/div>\n    <div class=\"yt-overlay down\"><\/div>\n<\/section>\n\n<script>\n\/\/ Immediately set the background when the element is parsed\n(function() {\n    function updateBannerBackground() {\n        const banner = document.querySelector('.banner-section');\n        if (!banner) return;\n\n        const isMobile = window.innerWidth <= 768;\n        const image = isMobile \n            ? banner.getAttribute('data-mobile-bg') \n            : banner.getAttribute('data-desktop-bg');\n        banner.style.backgroundImage = `url('${image}')`;\n    }\n\n    \/\/ Initial call to set background immediately\n    updateBannerBackground();\n    \/\/ Update on resize\n    window.addEventListener('resize', updateBannerBackground);\n})();\n<\/script>\n\n\n<section class=\"image-text-cols content-wrapper half-width anim-section reversed\" id=\"half-width-col-block\">\n    <div class=\"two-col-holder wide-cols\">\n        <div class=\"col right\">\n        <div class=\"reveal anim-image\">\n            <img decoding=\"async\" class=\"img-anim\" src=\"https:\/\/andjusicshootingcamp.com\/wp-content\/uploads\/2025\/01\/CHI_2197.png\" alt=\"\">\n        <\/div>\n        <\/div>\n        <div class=\"col left anim-text\">\n            <div class=\"title-holder with-decoration\">\n                <h3 class=\"reveal-text\">Ljubomir Ljuba Kolarevi\u0107<\/h3>\n                <p>Coordinator<\/p>\n            <\/div>\n            <p>Coach Ljuba Kolarevi\u0107 is currently an assistant coach at BC Mladost, Belgrade. Coach Ljuba the coach with whom Danilo An\u0111u\u0161i\u0107 took his first basketball steps. He played a crucial role in the early years of Danilo&#8217;s career, teaching him the fundamentals and instilling the true values necessary for a top athlete to learn in the early stages of their career, to later carry into the professional level. Ljuba boasts a rich international career, he worked as a head coach in the women&#8217;s Romanian National League at ACS KSE Targu Secuiesc. He has also worked as an assistant for the Romanian women&#8217;s under-20 national team. Coach Ljuba takes pride in his qualities of communication, discipline, and natural leadership instinct.<\/p>\n        <\/div>\n    <\/div>\n<\/section>\n\n<div class=\"coaches-grid\">\n    <div class=\"wrapper\">\n        <h3 class=\"reveal-text\">\n            Staff        <\/h3>\n        <div class=\"coaches-holder\">\n                                                <div class=\"coach\">\n                        <img decoding=\"async\" src=\"https:\/\/andjusicshootingcamp.com\/wp-content\/uploads\/2025\/01\/IMG_20240703_160048_249.png\" alt=\"Luka An\u0111u\u0161i\u0107\">\n                        <h4>\n                            Luka An\u0111u\u0161i\u0107                        <\/h4>\n                        <p>\n                            Camp Director                        <\/p>\n                    <\/div>\n                                    <div class=\"coach\">\n                        <img decoding=\"async\" src=\"https:\/\/andjusicshootingcamp.com\/wp-content\/uploads\/2025\/01\/1J5A7750.png\" alt=\"Aleksandar Dedakin\">\n                        <h4>\n                            Aleksandar Dedakin                        <\/h4>\n                        <p>\n                            Operations Manager                        <\/p>\n                    <\/div>\n                                    <\/div>\n    <\/div>\n<\/div>\n\n\n\n<section class=\"counter-section content-wrapper \">\n    <div class=\"counter-content-holder\">\n        <p>\n                    <\/p>\n        <div class=\"counter\">\n            <div class=\"item\">\n                <h6><span id=\"days\"><\/span><\/h6>\n                <p>\n                    days                <\/p>\n            <\/div>\n            <div class=\"item\">\n                <h6><span id=\"hours\"><\/span><\/h6>\n                <p>\n                    hours                <\/p>\n            <\/div>\n            <div class=\"item\">\n                <h6><span id=\"minutes\"><\/span><\/h6>\n                <p>\n                    minutes                <\/p>\n            <\/div>\n            <div class=\"item\">\n                <h6><span id=\"seconds\"><\/span><\/h6>\n                <p>\n                    seconds                <\/p>\n            <\/div>\n        <\/div>\n        <h3 class=\"reveal-text\">\n            Secure Your Spot Before It's Too Late!        <\/h3>\n        <p>\n            Limited Availability \u2013 Don't Miss Your Chance to Join Danilo Andju\u0161i\u0107 Shooting Camp available: June 22nd - July 12th 2026        <\/p>\n        <button class=\"violet with-front-arrow\"\n            onclick=\"window.location.href = 'https:\/\/andjusicshootingcamp.com\/en\/register\/'\">\n            REGISTER NOW        <\/button>\n    <\/div>\n    <div id=\"counter-ending-date\" style=\"display: none\">\n        20\/06\/2025    <\/div>\n<\/section>","protected":false},"excerpt":{"rendered":"","protected":false},"author":1,"featured_media":0,"parent":0,"menu_order":2,"comment_status":"closed","ping_status":"closed","template":"","meta":{"inline_featured_image":false,"footnotes":""},"acf":[],"yoast_head":"<!-- This site is optimized with the Yoast SEO plugin v22.2 - https:\/\/yoast.com\/wordpress\/plugins\/seo\/ -->\n<title>Coaches &amp; Staff - Danilo An\u0111u\u0161i\u0107 Basktball Camp<\/title>\n<meta name=\"description\" content=\"Meet our experienced coaches at Andjusic Shooting Camp. Learn from the best to enhance your basketball skills and reach your full potential.\" \/>\n<meta name=\"robots\" content=\"index, follow, max-snippet:-1, max-image-preview:large, max-video-preview:-1\" \/>\n<link rel=\"canonical\" href=\"https:\/\/andjusicshootingcamp.com\/en\/coaches\/\" \/>\n<meta property=\"og:locale\" content=\"en_US\" \/>\n<meta property=\"og:type\" content=\"article\" \/>\n<meta property=\"og:title\" content=\"Coaches &amp; Staff - Danilo An\u0111u\u0161i\u0107 Basktball Camp\" \/>\n<meta property=\"og:description\" content=\"Meet our experienced coaches at Andjusic Shooting Camp. Learn from the best to enhance your basketball skills and reach your full potential.\" \/>\n<meta property=\"og:url\" content=\"https:\/\/andjusicshootingcamp.com\/en\/coaches\/\" \/>\n<meta property=\"og:site_name\" content=\"DANILO AN\u0110U\u0160I\u0106 SHOOTING CAMP\" \/>\n<meta property=\"article:modified_time\" content=\"2025-11-26T08:15:33+00:00\" \/>\n<meta property=\"og:image\" content=\"https:\/\/andjusicshootingcamp.com\/wp-content\/uploads\/2024\/03\/danilo-andjusic-shooting-camp-og-image.png\" \/>\n\t<meta property=\"og:image:width\" content=\"2048\" \/>\n\t<meta property=\"og:image:height\" content=\"1024\" \/>\n\t<meta property=\"og:image:type\" content=\"image\/png\" \/>\n<meta name=\"twitter:card\" content=\"summary_large_image\" \/>\n<script type=\"application\/ld+json\" class=\"yoast-schema-graph\">{\"@context\":\"https:\/\/schema.org\",\"@graph\":[{\"@type\":\"WebPage\",\"@id\":\"https:\/\/andjusicshootingcamp.com\/en\/coaches\/\",\"url\":\"https:\/\/andjusicshootingcamp.com\/en\/coaches\/\",\"name\":\"Coaches & Staff - Danilo An\u0111u\u0161i\u0107 Basktball Camp\",\"isPartOf\":{\"@id\":\"https:\/\/andjusicshootingcamp.com\/#website\"},\"datePublished\":\"2024-01-17T15:04:12+00:00\",\"dateModified\":\"2025-11-26T08:15:33+00:00\",\"description\":\"Meet our experienced coaches at Andjusic Shooting Camp. Learn from the best to enhance your basketball skills and reach your full potential.\",\"breadcrumb\":{\"@id\":\"https:\/\/andjusicshootingcamp.com\/en\/coaches\/#breadcrumb\"},\"inLanguage\":\"en-US\",\"potentialAction\":[{\"@type\":\"ReadAction\",\"target\":[\"https:\/\/andjusicshootingcamp.com\/en\/coaches\/\"]}]},{\"@type\":\"BreadcrumbList\",\"@id\":\"https:\/\/andjusicshootingcamp.com\/en\/coaches\/#breadcrumb\",\"itemListElement\":[{\"@type\":\"ListItem\",\"position\":1,\"name\":\"Home\",\"item\":\"https:\/\/andjusicshootingcamp.com\/en\/\"},{\"@type\":\"ListItem\",\"position\":2,\"name\":\"Coaches\"}]},{\"@type\":\"WebSite\",\"@id\":\"https:\/\/andjusicshootingcamp.com\/#website\",\"url\":\"https:\/\/andjusicshootingcamp.com\/\",\"name\":\"andjusicshootingcamp.com\",\"description\":\"Pridru\u017eite se na\u0161em ko\u0161arka\u0161kom kampu od od 23. juna do 11. jula.\",\"publisher\":{\"@id\":\"https:\/\/andjusicshootingcamp.com\/#organization\"},\"alternateName\":\"AN\u0110U\u0160I\u0106 SHOOTING CAMP\",\"potentialAction\":[{\"@type\":\"SearchAction\",\"target\":{\"@type\":\"EntryPoint\",\"urlTemplate\":\"https:\/\/andjusicshootingcamp.com\/?s={search_term_string}\"},\"query-input\":\"required name=search_term_string\"}],\"inLanguage\":\"en-US\"},{\"@type\":\"Organization\",\"@id\":\"https:\/\/andjusicshootingcamp.com\/#organization\",\"name\":\"DANILO AN\u0110U\u0160I\u0106 SHOOTING CAMP\",\"alternateName\":\"AN\u0110U\u0160I\u0106 SHOOTING CAMP\",\"url\":\"https:\/\/andjusicshootingcamp.com\/\",\"logo\":{\"@type\":\"ImageObject\",\"inLanguage\":\"en-US\",\"@id\":\"https:\/\/andjusicshootingcamp.com\/#\/schema\/logo\/image\/\",\"url\":\"https:\/\/andjusicshootingcamp.com\/wp-content\/uploads\/2024\/03\/favicon-1.png\",\"contentUrl\":\"https:\/\/andjusicshootingcamp.com\/wp-content\/uploads\/2024\/03\/favicon-1.png\",\"width\":480,\"height\":480,\"caption\":\"DANILO AN\u0110U\u0160I\u0106 SHOOTING CAMP\"},\"image\":{\"@id\":\"https:\/\/andjusicshootingcamp.com\/#\/schema\/logo\/image\/\"},\"sameAs\":[\"https:\/\/www.instagram.com\/daniloandjusic.shootingcamp\/\"]}]}<\/script>\n<!-- \/ Yoast SEO plugin. -->","yoast_head_json":{"title":"Coaches & Staff - Danilo An\u0111u\u0161i\u0107 Basktball Camp","description":"Meet our experienced coaches at Andjusic Shooting Camp. Learn from the best to enhance your basketball skills and reach your full potential.","robots":{"index":"index","follow":"follow","max-snippet":"max-snippet:-1","max-image-preview":"max-image-preview:large","max-video-preview":"max-video-preview:-1"},"canonical":"https:\/\/andjusicshootingcamp.com\/en\/coaches\/","og_locale":"en_US","og_type":"article","og_title":"Coaches & Staff - Danilo An\u0111u\u0161i\u0107 Basktball Camp","og_description":"Meet our experienced coaches at Andjusic Shooting Camp. Learn from the best to enhance your basketball skills and reach your full potential.","og_url":"https:\/\/andjusicshootingcamp.com\/en\/coaches\/","og_site_name":"DANILO AN\u0110U\u0160I\u0106 SHOOTING CAMP","article_modified_time":"2025-11-26T08:15:33+00:00","og_image":[{"width":2048,"height":1024,"url":"https:\/\/andjusicshootingcamp.com\/wp-content\/uploads\/2024\/03\/danilo-andjusic-shooting-camp-og-image.png","type":"image\/png"}],"twitter_card":"summary_large_image","schema":{"@context":"https:\/\/schema.org","@graph":[{"@type":"WebPage","@id":"https:\/\/andjusicshootingcamp.com\/en\/coaches\/","url":"https:\/\/andjusicshootingcamp.com\/en\/coaches\/","name":"Coaches & Staff - Danilo An\u0111u\u0161i\u0107 Basktball Camp","isPartOf":{"@id":"https:\/\/andjusicshootingcamp.com\/#website"},"datePublished":"2024-01-17T15:04:12+00:00","dateModified":"2025-11-26T08:15:33+00:00","description":"Meet our experienced coaches at Andjusic Shooting Camp. Learn from the best to enhance your basketball skills and reach your full potential.","breadcrumb":{"@id":"https:\/\/andjusicshootingcamp.com\/en\/coaches\/#breadcrumb"},"inLanguage":"en-US","potentialAction":[{"@type":"ReadAction","target":["https:\/\/andjusicshootingcamp.com\/en\/coaches\/"]}]},{"@type":"BreadcrumbList","@id":"https:\/\/andjusicshootingcamp.com\/en\/coaches\/#breadcrumb","itemListElement":[{"@type":"ListItem","position":1,"name":"Home","item":"https:\/\/andjusicshootingcamp.com\/en\/"},{"@type":"ListItem","position":2,"name":"Coaches"}]},{"@type":"WebSite","@id":"https:\/\/andjusicshootingcamp.com\/#website","url":"https:\/\/andjusicshootingcamp.com\/","name":"andjusicshootingcamp.com","description":"Pridru\u017eite se na\u0161em ko\u0161arka\u0161kom kampu od od 23. juna do 11. jula.","publisher":{"@id":"https:\/\/andjusicshootingcamp.com\/#organization"},"alternateName":"AN\u0110U\u0160I\u0106 SHOOTING CAMP","potentialAction":[{"@type":"SearchAction","target":{"@type":"EntryPoint","urlTemplate":"https:\/\/andjusicshootingcamp.com\/?s={search_term_string}"},"query-input":"required name=search_term_string"}],"inLanguage":"en-US"},{"@type":"Organization","@id":"https:\/\/andjusicshootingcamp.com\/#organization","name":"DANILO AN\u0110U\u0160I\u0106 SHOOTING CAMP","alternateName":"AN\u0110U\u0160I\u0106 SHOOTING CAMP","url":"https:\/\/andjusicshootingcamp.com\/","logo":{"@type":"ImageObject","inLanguage":"en-US","@id":"https:\/\/andjusicshootingcamp.com\/#\/schema\/logo\/image\/","url":"https:\/\/andjusicshootingcamp.com\/wp-content\/uploads\/2024\/03\/favicon-1.png","contentUrl":"https:\/\/andjusicshootingcamp.com\/wp-content\/uploads\/2024\/03\/favicon-1.png","width":480,"height":480,"caption":"DANILO AN\u0110U\u0160I\u0106 SHOOTING CAMP"},"image":{"@id":"https:\/\/andjusicshootingcamp.com\/#\/schema\/logo\/image\/"},"sameAs":["https:\/\/www.instagram.com\/daniloandjusic.shootingcamp\/"]}]}},"_links":{"self":[{"href":"https:\/\/andjusicshootingcamp.com\/en\/wp-json\/wp\/v2\/pages\/24"}],"collection":[{"href":"https:\/\/andjusicshootingcamp.com\/en\/wp-json\/wp\/v2\/pages"}],"about":[{"href":"https:\/\/andjusicshootingcamp.com\/en\/wp-json\/wp\/v2\/types\/page"}],"author":[{"embeddable":true,"href":"https:\/\/andjusicshootingcamp.com\/en\/wp-json\/wp\/v2\/users\/1"}],"replies":[{"embeddable":true,"href":"https:\/\/andjusicshootingcamp.com\/en\/wp-json\/wp\/v2\/comments?post=24"}],"version-history":[{"count":218,"href":"https:\/\/andjusicshootingcamp.com\/en\/wp-json\/wp\/v2\/pages\/24\/revisions"}],"predecessor-version":[{"id":2185,"href":"https:\/\/andjusicshootingcamp.com\/en\/wp-json\/wp\/v2\/pages\/24\/revisions\/2185"}],"wp:attachment":[{"href":"https:\/\/andjusicshootingcamp.com\/en\/wp-json\/wp\/v2\/media?parent=24"}],"curies":[{"name":"wp","href":"https:\/\/api.w.org\/{rel}","templated":true}]}}