{"id":26,"date":"2024-01-17T15:04:57","date_gmt":"2024-01-17T15:04:57","guid":{"rendered":"https:\/\/andjusicshootingcamp.com\/?page_id=26"},"modified":"2026-01-30T09:51:02","modified_gmt":"2026-01-30T09:51:02","slug":"program","status":"publish","type":"page","link":"https:\/\/andjusicshootingcamp.com\/en\/program\/","title":{"rendered":"Program"},"content":{"rendered":"<section class=\"banner-section wide\" \n    data-desktop-bg=\"\"\n    data-mobile-bg=\"\"\n>\n    <div class=\"banner-content\">\n        <h1>PRICING &#038; SCHEDULE<\/h1>\n        <p>The camp will take place from June 22nd to July 12th 2025, at the Omni center Valjevo.<br \/>\r\nThe camp will be divided into three shifts, each lasting 7 days.<\/p>\n    <\/div>\n            <div class=\"banner-video\">\n            <video poster=\"\" autoplay muted loop playsinline class=\"fullsize-video\">\n                <source src=\"https:\/\/andjusicshootingcamp.com\/wp-content\/uploads\/2024\/02\/programschedule.mp4\" type=\"video\/mp4\">\n            <\/video>\n        <\/div>\n        <div class=\"yt-overlay up\"><\/div>\n    <div class=\"yt-overlay down\"><\/div>\n<\/section>\n\n<script>\n\/\/ Immediately set the background when the element is parsed\n(function() {\n    function updateBannerBackground() {\n        const banner = document.querySelector('.banner-section');\n        if (!banner) return;\n\n        const isMobile = window.innerWidth <= 768;\n        const image = isMobile \n            ? banner.getAttribute('data-mobile-bg') \n            : banner.getAttribute('data-desktop-bg');\n        banner.style.backgroundImage = `url('${image}')`;\n    }\n\n    \/\/ Initial call to set background immediately\n    updateBannerBackground();\n    \/\/ Update on resize\n    window.addEventListener('resize', updateBannerBackground);\n})();\n<\/script>","protected":false},"excerpt":{"rendered":"","protected":false},"author":1,"featured_media":0,"parent":0,"menu_order":3,"comment_status":"closed","ping_status":"closed","template":"","meta":{"inline_featured_image":false,"footnotes":""},"acf":[],"yoast_head":"<!-- This site is optimized with the Yoast SEO plugin v22.2 - https:\/\/yoast.com\/wordpress\/plugins\/seo\/ -->\n<title>Pricing &amp; Schedule - Danilo An\u0111u\u0161i\u0107 Basktball Camp<\/title>\n<meta name=\"description\" content=\"Join our shooting camp to enhance your basketball skills. Learn from experienced coaches and improve your shooting technique. Sign up now!\" \/>\n<meta name=\"robots\" content=\"index, follow, max-snippet:-1, max-image-preview:large, max-video-preview:-1\" \/>\n<link rel=\"canonical\" href=\"https:\/\/andjusicshootingcamp.com\/en\/program\/\" \/>\n<meta property=\"og:locale\" content=\"en_US\" \/>\n<meta property=\"og:type\" content=\"article\" \/>\n<meta property=\"og:title\" content=\"Pricing &amp; Schedule - Danilo An\u0111u\u0161i\u0107 Basktball Camp\" \/>\n<meta property=\"og:description\" content=\"Join our shooting camp to enhance your basketball skills. Learn from experienced coaches and improve your shooting technique. Sign up now!\" \/>\n<meta property=\"og:url\" content=\"https:\/\/andjusicshootingcamp.com\/en\/program\/\" \/>\n<meta property=\"og:site_name\" content=\"DANILO AN\u0110U\u0160I\u0106 SHOOTING CAMP\" \/>\n<meta property=\"article:modified_time\" content=\"2026-01-30T09:51:02+00:00\" \/>\n<meta property=\"og:image\" content=\"https:\/\/andjusicshootingcamp.com\/wp-content\/uploads\/2024\/03\/danilo-andjusic-shooting-camp-og-image.png\" \/>\n\t<meta property=\"og:image:width\" content=\"2048\" \/>\n\t<meta property=\"og:image:height\" content=\"1024\" \/>\n\t<meta property=\"og:image:type\" content=\"image\/png\" \/>\n<meta name=\"twitter:card\" content=\"summary_large_image\" \/>\n<script type=\"application\/ld+json\" class=\"yoast-schema-graph\">{\"@context\":\"https:\/\/schema.org\",\"@graph\":[{\"@type\":\"WebPage\",\"@id\":\"https:\/\/andjusicshootingcamp.com\/en\/program\/\",\"url\":\"https:\/\/andjusicshootingcamp.com\/en\/program\/\",\"name\":\"Pricing & Schedule - Danilo An\u0111u\u0161i\u0107 Basktball Camp\",\"isPartOf\":{\"@id\":\"https:\/\/andjusicshootingcamp.com\/#website\"},\"datePublished\":\"2024-01-17T15:04:57+00:00\",\"dateModified\":\"2026-01-30T09:51:02+00:00\",\"description\":\"Join our shooting camp to enhance your basketball skills. Learn from experienced coaches and improve your shooting technique. Sign up now!\",\"breadcrumb\":{\"@id\":\"https:\/\/andjusicshootingcamp.com\/en\/program\/#breadcrumb\"},\"inLanguage\":\"en-US\",\"potentialAction\":[{\"@type\":\"ReadAction\",\"target\":[\"https:\/\/andjusicshootingcamp.com\/en\/program\/\"]}]},{\"@type\":\"BreadcrumbList\",\"@id\":\"https:\/\/andjusicshootingcamp.com\/en\/program\/#breadcrumb\",\"itemListElement\":[{\"@type\":\"ListItem\",\"position\":1,\"name\":\"Home\",\"item\":\"https:\/\/andjusicshootingcamp.com\/en\/\"},{\"@type\":\"ListItem\",\"position\":2,\"name\":\"Program\"}]},{\"@type\":\"WebSite\",\"@id\":\"https:\/\/andjusicshootingcamp.com\/#website\",\"url\":\"https:\/\/andjusicshootingcamp.com\/\",\"name\":\"andjusicshootingcamp.com\",\"description\":\"Pridru\u017eite se na\u0161em ko\u0161arka\u0161kom kampu od od 23. juna do 11. jula.\",\"publisher\":{\"@id\":\"https:\/\/andjusicshootingcamp.com\/#organization\"},\"alternateName\":\"AN\u0110U\u0160I\u0106 SHOOTING CAMP\",\"potentialAction\":[{\"@type\":\"SearchAction\",\"target\":{\"@type\":\"EntryPoint\",\"urlTemplate\":\"https:\/\/andjusicshootingcamp.com\/?s={search_term_string}\"},\"query-input\":\"required name=search_term_string\"}],\"inLanguage\":\"en-US\"},{\"@type\":\"Organization\",\"@id\":\"https:\/\/andjusicshootingcamp.com\/#organization\",\"name\":\"DANILO AN\u0110U\u0160I\u0106 SHOOTING CAMP\",\"alternateName\":\"AN\u0110U\u0160I\u0106 SHOOTING CAMP\",\"url\":\"https:\/\/andjusicshootingcamp.com\/\",\"logo\":{\"@type\":\"ImageObject\",\"inLanguage\":\"en-US\",\"@id\":\"https:\/\/andjusicshootingcamp.com\/#\/schema\/logo\/image\/\",\"url\":\"https:\/\/andjusicshootingcamp.com\/wp-content\/uploads\/2024\/03\/favicon-1.png\",\"contentUrl\":\"https:\/\/andjusicshootingcamp.com\/wp-content\/uploads\/2024\/03\/favicon-1.png\",\"width\":480,\"height\":480,\"caption\":\"DANILO AN\u0110U\u0160I\u0106 SHOOTING CAMP\"},\"image\":{\"@id\":\"https:\/\/andjusicshootingcamp.com\/#\/schema\/logo\/image\/\"},\"sameAs\":[\"https:\/\/www.instagram.com\/daniloandjusic.shootingcamp\/\"]}]}<\/script>\n<!-- \/ Yoast SEO plugin. -->","yoast_head_json":{"title":"Pricing & Schedule - Danilo An\u0111u\u0161i\u0107 Basktball Camp","description":"Join our shooting camp to enhance your basketball skills. Learn from experienced coaches and improve your shooting technique. Sign up now!","robots":{"index":"index","follow":"follow","max-snippet":"max-snippet:-1","max-image-preview":"max-image-preview:large","max-video-preview":"max-video-preview:-1"},"canonical":"https:\/\/andjusicshootingcamp.com\/en\/program\/","og_locale":"en_US","og_type":"article","og_title":"Pricing & Schedule - Danilo An\u0111u\u0161i\u0107 Basktball Camp","og_description":"Join our shooting camp to enhance your basketball skills. Learn from experienced coaches and improve your shooting technique. Sign up now!","og_url":"https:\/\/andjusicshootingcamp.com\/en\/program\/","og_site_name":"DANILO AN\u0110U\u0160I\u0106 SHOOTING CAMP","article_modified_time":"2026-01-30T09:51:02+00:00","og_image":[{"width":2048,"height":1024,"url":"https:\/\/andjusicshootingcamp.com\/wp-content\/uploads\/2024\/03\/danilo-andjusic-shooting-camp-og-image.png","type":"image\/png"}],"twitter_card":"summary_large_image","schema":{"@context":"https:\/\/schema.org","@graph":[{"@type":"WebPage","@id":"https:\/\/andjusicshootingcamp.com\/en\/program\/","url":"https:\/\/andjusicshootingcamp.com\/en\/program\/","name":"Pricing & Schedule - Danilo An\u0111u\u0161i\u0107 Basktball Camp","isPartOf":{"@id":"https:\/\/andjusicshootingcamp.com\/#website"},"datePublished":"2024-01-17T15:04:57+00:00","dateModified":"2026-01-30T09:51:02+00:00","description":"Join our shooting camp to enhance your basketball skills. Learn from experienced coaches and improve your shooting technique. Sign up now!","breadcrumb":{"@id":"https:\/\/andjusicshootingcamp.com\/en\/program\/#breadcrumb"},"inLanguage":"en-US","potentialAction":[{"@type":"ReadAction","target":["https:\/\/andjusicshootingcamp.com\/en\/program\/"]}]},{"@type":"BreadcrumbList","@id":"https:\/\/andjusicshootingcamp.com\/en\/program\/#breadcrumb","itemListElement":[{"@type":"ListItem","position":1,"name":"Home","item":"https:\/\/andjusicshootingcamp.com\/en\/"},{"@type":"ListItem","position":2,"name":"Program"}]},{"@type":"WebSite","@id":"https:\/\/andjusicshootingcamp.com\/#website","url":"https:\/\/andjusicshootingcamp.com\/","name":"andjusicshootingcamp.com","description":"Pridru\u017eite se na\u0161em ko\u0161arka\u0161kom kampu od od 23. juna do 11. jula.","publisher":{"@id":"https:\/\/andjusicshootingcamp.com\/#organization"},"alternateName":"AN\u0110U\u0160I\u0106 SHOOTING CAMP","potentialAction":[{"@type":"SearchAction","target":{"@type":"EntryPoint","urlTemplate":"https:\/\/andjusicshootingcamp.com\/?s={search_term_string}"},"query-input":"required name=search_term_string"}],"inLanguage":"en-US"},{"@type":"Organization","@id":"https:\/\/andjusicshootingcamp.com\/#organization","name":"DANILO AN\u0110U\u0160I\u0106 SHOOTING CAMP","alternateName":"AN\u0110U\u0160I\u0106 SHOOTING CAMP","url":"https:\/\/andjusicshootingcamp.com\/","logo":{"@type":"ImageObject","inLanguage":"en-US","@id":"https:\/\/andjusicshootingcamp.com\/#\/schema\/logo\/image\/","url":"https:\/\/andjusicshootingcamp.com\/wp-content\/uploads\/2024\/03\/favicon-1.png","contentUrl":"https:\/\/andjusicshootingcamp.com\/wp-content\/uploads\/2024\/03\/favicon-1.png","width":480,"height":480,"caption":"DANILO AN\u0110U\u0160I\u0106 SHOOTING CAMP"},"image":{"@id":"https:\/\/andjusicshootingcamp.com\/#\/schema\/logo\/image\/"},"sameAs":["https:\/\/www.instagram.com\/daniloandjusic.shootingcamp\/"]}]}},"_links":{"self":[{"href":"https:\/\/andjusicshootingcamp.com\/en\/wp-json\/wp\/v2\/pages\/26"}],"collection":[{"href":"https:\/\/andjusicshootingcamp.com\/en\/wp-json\/wp\/v2\/pages"}],"about":[{"href":"https:\/\/andjusicshootingcamp.com\/en\/wp-json\/wp\/v2\/types\/page"}],"author":[{"embeddable":true,"href":"https:\/\/andjusicshootingcamp.com\/en\/wp-json\/wp\/v2\/users\/1"}],"replies":[{"embeddable":true,"href":"https:\/\/andjusicshootingcamp.com\/en\/wp-json\/wp\/v2\/comments?post=26"}],"version-history":[{"count":81,"href":"https:\/\/andjusicshootingcamp.com\/en\/wp-json\/wp\/v2\/pages\/26\/revisions"}],"predecessor-version":[{"id":2336,"href":"https:\/\/andjusicshootingcamp.com\/en\/wp-json\/wp\/v2\/pages\/26\/revisions\/2336"}],"wp:attachment":[{"href":"https:\/\/andjusicshootingcamp.com\/en\/wp-json\/wp\/v2\/media?parent=26"}],"curies":[{"name":"wp","href":"https:\/\/api.w.org\/{rel}","templated":true}]}}