{"id":28,"date":"2024-01-17T15:05:17","date_gmt":"2024-01-17T15:05:17","guid":{"rendered":"https:\/\/andjusicshootingcamp.com\/?page_id=28"},"modified":"2025-12-02T12:39:11","modified_gmt":"2025-12-02T12:39:11","slug":"location","status":"publish","type":"page","link":"https:\/\/andjusicshootingcamp.com\/en\/location\/","title":{"rendered":"Location"},"content":{"rendered":"<section class=\"banner-section wide\" \n    data-desktop-bg=\"https:\/\/andjusicshootingcamp.com\/wp-content\/uploads\/2025\/11\/Location-Hero.png\"\n    data-mobile-bg=\"https:\/\/andjusicshootingcamp.com\/wp-content\/uploads\/2025\/11\/Location-Hero.png\"\n>\n    <div class=\"banner-content\">\n        <h1>Location<\/h1>\n        <p>The camp will take place from June 22nd to July 12th 2026, at the Omni center Valjevo.<br \/>\r\nThe camp will be divided into three shifts, each lasting 7 days.<\/p>\n    <\/div>\n        <div class=\"yt-overlay up\"><\/div>\n    <div class=\"yt-overlay down\"><\/div>\n<\/section>\n\n<script>\n\/\/ Immediately set the background when the element is parsed\n(function() {\n    function updateBannerBackground() {\n        const banner = document.querySelector('.banner-section');\n        if (!banner) return;\n\n        const isMobile = window.innerWidth <= 768;\n        const image = isMobile \n            ? banner.getAttribute('data-mobile-bg') \n            : banner.getAttribute('data-desktop-bg');\n        banner.style.backgroundImage = `url('${image}')`;\n    }\n\n    \/\/ Initial call to set background immediately\n    updateBannerBackground();\n    \/\/ Update on resize\n    window.addEventListener('resize', updateBannerBackground);\n})();\n<\/script>\n\n\n<section id=\"two-col-text-block_ac091da53fe2aa23a79001e209cdce24\" class=\"two-column-text-block anim-section\">\n    <div class=\"two-column-text-block__inner content-wrapper\">\n        <div class=\"text-media-block__copy anim-text\">\n                            <h3 class=\"small with-decoration two-column-text-block__heading reveal-text\">\n                    OMNI CENTAR                 <\/h3>\n                    <\/div>\n\n        <div class=\"two-column-text-block__content\">\n                            <div class=\"two-column-text-block__column two-column-text-block__column--left anim-text\">\n                    <p>Omni Center is becoming the new training camp location, offering top-tier conditions for professional athletes. Over the years, numerous teams and national selections from Serbia and across Europe have experienced the quality of its complete sports infrastructure and premium accommodation.<\/p>\n<p>Modern fields, sports halls, and fitness facilities \u2014 combined with comfortable, high-class lodging \u2014 make Omni Center the ideal place for intensive and efficient training, all in one location.<\/p>\n                <\/div>\n            \n                    <\/div>\n    <\/div>\n<\/section>\n\n<section class=\"location-block wrapper anim-section\">\n    <div class=\"holder\">\n        <div class=\"left-side\">\n                        <div class=\"reveal anim-image\">\n                <img decoding=\"async\" src=\"https:\/\/andjusicshootingcamp.com\/wp-content\/uploads\/2025\/11\/map2.png\"\n                    alt=\"\">\n            <\/div>\n        <\/div>\n        <div class=\"right-side anim-text\">\n            <h3 class=\"small with-decoration reveal-text\">\n                Directions            <\/h3>\n            <p class=\"anim-text\">\n                <article class=\"text-token-text-primary w-full focus:outline-none [--shadow-height:45px] has-data-writing-block:pointer-events-none has-data-writing-block:-mt-(--shadow-height) has-data-writing-block:pt-(--shadow-height) [&amp;:has([data-writing-block])&gt;*]:pointer-events-auto [content-visibility:auto] supports-[content-visibility:auto]:[contain-intrinsic-size:auto_100lvh] scroll-mt-[calc(var(--header-height)+min(200px,max(70px,20svh)))]\" dir=\"auto\" tabindex=\"-1\" data-turn-id=\"2f779288-5386-4e8e-a2d1-6b68a30e659f\" data-testid=\"conversation-turn-2\" data-scroll-anchor=\"true\" data-turn=\"assistant\">\n<div class=\"text-base my-auto mx-auto pb-10 [--thread-content-margin:--spacing(4)] thread-sm:[--thread-content-margin:--spacing(6)] thread-lg:[--thread-content-margin:--spacing(16)] px-(--thread-content-margin)\">\n<div class=\"[--thread-content-max-width:40rem] thread-lg:[--thread-content-max-width:48rem] mx-auto max-w-(--thread-content-max-width) flex-1 group\/turn-messages focus-visible:outline-hidden relative flex w-full min-w-0 flex-col agent-turn\" tabindex=\"-1\">\n<div class=\"flex max-w-full flex-col grow\">\n<div class=\"min-h-8 text-message relative flex w-full flex-col items-end gap-2 text-start break-words whitespace-normal [.text-message+&amp;]:mt-1\" dir=\"auto\" data-message-author-role=\"assistant\" data-message-id=\"821da5a1-9c23-4fc9-9169-820be17e3004\" data-message-model-slug=\"gpt-5-1\">\n<div class=\"flex w-full flex-col gap-1 empty:hidden first:pt-[1px]\">\n<div class=\"markdown prose dark:prose-invert w-full break-words dark markdown-new-styling\">\n<p data-start=\"57\" data-end=\"549\" data-is-last-node=\"\" data-is-only-node=\"\">Omni Center Valjevo is located approximately 1 hour and 15 minutes from downtown Belgrade, at a distance of around 100 km. The center is easily accessible via the main road to Valjevo, offering a comfortable triprom the capital, while its peaceful natural surroundings provide ideal conditions for training, recovery, and getting away from the pace of city life. It is also just 45 minutes away from the Belgrade airport, ensuring quick and convenient access for international visitors.<\/p>\n<\/div>\n<\/div>\n<\/div>\n<\/div>\n<div class=\"z-0 flex min-h-[46px] justify-start\"><\/div>\n<div class=\"mt-3 w-full empty:hidden\">\n<div class=\"text-center\"><\/div>\n<\/div>\n<\/div>\n<\/div>\n<\/article>\n<div class=\"pointer-events-none h-px w-px\" aria-hidden=\"true\" data-edge=\"true\"><\/div>\n            <\/p>\n            <button class=\"with-arrow anim-button\"\n                onclick=\"window.location.href = 'https:\/\/www.google.com\/maps\/dir\/\/Omni+Centar,+Kneza+Mihaila+88,+Valjevo\/@44.2630267,19.8878453,17z\/data=!4m20!1m10!3m9!1s0x4759edaf022a5013:0xdb506fb80db6a5f6!2sOmni+Centar!5m2!4m1!1i2!8m2!3d44.2630267!4d19.8904202!16s%2Fg%2F119x3hjhf!4m8!1m0!1m5!1m1!1s0x4759edaf022a5013:0xdb506fb80db6a5f6!2m2!1d19.8904202!2d44.2630267!3e2?entry=ttu&#038;g_ep=EgoyMDI1MTExNy4wIKXMDSoASAFQAw%3D%3D';\">\n                GOOGLE MAPS            <\/button>\n        <\/div>\n    <\/div>\n<\/section>\n\n\n\n<section class=\"counter-section content-wrapper \">\n    <div class=\"counter-content-holder\">\n        <p>\n                    <\/p>\n        <div class=\"counter\">\n            <div class=\"item\">\n                <h6><span id=\"days\"><\/span><\/h6>\n                <p>\n                    days                <\/p>\n            <\/div>\n            <div class=\"item\">\n                <h6><span id=\"hours\"><\/span><\/h6>\n                <p>\n                    hours                <\/p>\n            <\/div>\n            <div class=\"item\">\n                <h6><span id=\"minutes\"><\/span><\/h6>\n                <p>\n                    minutes                <\/p>\n            <\/div>\n            <div class=\"item\">\n                <h6><span id=\"seconds\"><\/span><\/h6>\n                <p>\n                    seconds                <\/p>\n            <\/div>\n        <\/div>\n        <h3 class=\"reveal-text\">\n            Secure Your Spot Before It's Too Late!        <\/h3>\n        <p>\n            Limited Availability \u2013 Don't Miss Your Chance to Join Danilo Andju\u0161i\u0107 Shooting Camp available: June 22nd - July 12th 2026        <\/p>\n        <button class=\"violet with-front-arrow\"\n            onclick=\"window.location.href = 'https:\/\/andjusicshootingcamp.com\/en\/register\/'\">\n            REGISTER NOW        <\/button>\n    <\/div>\n    <div id=\"counter-ending-date\" style=\"display: none\">\n        20\/06\/2026    <\/div>\n<\/section>","protected":false},"excerpt":{"rendered":"","protected":false},"author":1,"featured_media":0,"parent":0,"menu_order":4,"comment_status":"closed","ping_status":"closed","template":"","meta":{"inline_featured_image":false,"footnotes":""},"acf":[],"yoast_head":"<!-- This site is optimized with the Yoast SEO plugin v22.2 - https:\/\/yoast.com\/wordpress\/plugins\/seo\/ -->\n<title>Location - Danilo An\u0111u\u0161i\u0107 Basktball Camp<\/title>\n<meta name=\"description\" content=\"The perfect location for honing your basketball skills. Experience top-notch coaching and facilities in a stunning setting.\" \/>\n<meta name=\"robots\" content=\"index, follow, max-snippet:-1, max-image-preview:large, max-video-preview:-1\" \/>\n<link rel=\"canonical\" href=\"https:\/\/andjusicshootingcamp.com\/en\/location\/\" \/>\n<meta property=\"og:locale\" content=\"en_US\" \/>\n<meta property=\"og:type\" content=\"article\" \/>\n<meta property=\"og:title\" content=\"Location - Danilo An\u0111u\u0161i\u0107 Basktball Camp\" \/>\n<meta property=\"og:description\" content=\"The perfect location for honing your basketball skills. Experience top-notch coaching and facilities in a stunning setting.\" \/>\n<meta property=\"og:url\" content=\"https:\/\/andjusicshootingcamp.com\/en\/location\/\" \/>\n<meta property=\"og:site_name\" content=\"DANILO AN\u0110U\u0160I\u0106 SHOOTING CAMP\" \/>\n<meta property=\"article:modified_time\" content=\"2025-12-02T12:39:11+00:00\" \/>\n<meta property=\"og:image\" content=\"https:\/\/andjusicshootingcamp.com\/wp-content\/uploads\/2024\/03\/danilo-andjusic-shooting-camp-og-image.png\" \/>\n\t<meta property=\"og:image:width\" content=\"2048\" \/>\n\t<meta property=\"og:image:height\" content=\"1024\" \/>\n\t<meta property=\"og:image:type\" content=\"image\/png\" \/>\n<meta name=\"twitter:card\" content=\"summary_large_image\" \/>\n<script type=\"application\/ld+json\" class=\"yoast-schema-graph\">{\"@context\":\"https:\/\/schema.org\",\"@graph\":[{\"@type\":\"WebPage\",\"@id\":\"https:\/\/andjusicshootingcamp.com\/en\/location\/\",\"url\":\"https:\/\/andjusicshootingcamp.com\/en\/location\/\",\"name\":\"Location - Danilo An\u0111u\u0161i\u0107 Basktball Camp\",\"isPartOf\":{\"@id\":\"https:\/\/andjusicshootingcamp.com\/#website\"},\"datePublished\":\"2024-01-17T15:05:17+00:00\",\"dateModified\":\"2025-12-02T12:39:11+00:00\",\"description\":\"The perfect location for honing your basketball skills. Experience top-notch coaching and facilities in a stunning setting.\",\"breadcrumb\":{\"@id\":\"https:\/\/andjusicshootingcamp.com\/en\/location\/#breadcrumb\"},\"inLanguage\":\"en-US\",\"potentialAction\":[{\"@type\":\"ReadAction\",\"target\":[\"https:\/\/andjusicshootingcamp.com\/en\/location\/\"]}]},{\"@type\":\"BreadcrumbList\",\"@id\":\"https:\/\/andjusicshootingcamp.com\/en\/location\/#breadcrumb\",\"itemListElement\":[{\"@type\":\"ListItem\",\"position\":1,\"name\":\"Home\",\"item\":\"https:\/\/andjusicshootingcamp.com\/en\/\"},{\"@type\":\"ListItem\",\"position\":2,\"name\":\"Location\"}]},{\"@type\":\"WebSite\",\"@id\":\"https:\/\/andjusicshootingcamp.com\/#website\",\"url\":\"https:\/\/andjusicshootingcamp.com\/\",\"name\":\"andjusicshootingcamp.com\",\"description\":\"Pridru\u017eite se na\u0161em ko\u0161arka\u0161kom kampu od od 23. juna do 11. jula.\",\"publisher\":{\"@id\":\"https:\/\/andjusicshootingcamp.com\/#organization\"},\"alternateName\":\"AN\u0110U\u0160I\u0106 SHOOTING CAMP\",\"potentialAction\":[{\"@type\":\"SearchAction\",\"target\":{\"@type\":\"EntryPoint\",\"urlTemplate\":\"https:\/\/andjusicshootingcamp.com\/?s={search_term_string}\"},\"query-input\":\"required name=search_term_string\"}],\"inLanguage\":\"en-US\"},{\"@type\":\"Organization\",\"@id\":\"https:\/\/andjusicshootingcamp.com\/#organization\",\"name\":\"DANILO AN\u0110U\u0160I\u0106 SHOOTING CAMP\",\"alternateName\":\"AN\u0110U\u0160I\u0106 SHOOTING CAMP\",\"url\":\"https:\/\/andjusicshootingcamp.com\/\",\"logo\":{\"@type\":\"ImageObject\",\"inLanguage\":\"en-US\",\"@id\":\"https:\/\/andjusicshootingcamp.com\/#\/schema\/logo\/image\/\",\"url\":\"https:\/\/andjusicshootingcamp.com\/wp-content\/uploads\/2024\/03\/favicon-1.png\",\"contentUrl\":\"https:\/\/andjusicshootingcamp.com\/wp-content\/uploads\/2024\/03\/favicon-1.png\",\"width\":480,\"height\":480,\"caption\":\"DANILO AN\u0110U\u0160I\u0106 SHOOTING CAMP\"},\"image\":{\"@id\":\"https:\/\/andjusicshootingcamp.com\/#\/schema\/logo\/image\/\"},\"sameAs\":[\"https:\/\/www.instagram.com\/daniloandjusic.shootingcamp\/\"]}]}<\/script>\n<!-- \/ Yoast SEO plugin. -->","yoast_head_json":{"title":"Location - Danilo An\u0111u\u0161i\u0107 Basktball Camp","description":"The perfect location for honing your basketball skills. Experience top-notch coaching and facilities in a stunning setting.","robots":{"index":"index","follow":"follow","max-snippet":"max-snippet:-1","max-image-preview":"max-image-preview:large","max-video-preview":"max-video-preview:-1"},"canonical":"https:\/\/andjusicshootingcamp.com\/en\/location\/","og_locale":"en_US","og_type":"article","og_title":"Location - Danilo An\u0111u\u0161i\u0107 Basktball Camp","og_description":"The perfect location for honing your basketball skills. Experience top-notch coaching and facilities in a stunning setting.","og_url":"https:\/\/andjusicshootingcamp.com\/en\/location\/","og_site_name":"DANILO AN\u0110U\u0160I\u0106 SHOOTING CAMP","article_modified_time":"2025-12-02T12:39:11+00:00","og_image":[{"width":2048,"height":1024,"url":"https:\/\/andjusicshootingcamp.com\/wp-content\/uploads\/2024\/03\/danilo-andjusic-shooting-camp-og-image.png","type":"image\/png"}],"twitter_card":"summary_large_image","schema":{"@context":"https:\/\/schema.org","@graph":[{"@type":"WebPage","@id":"https:\/\/andjusicshootingcamp.com\/en\/location\/","url":"https:\/\/andjusicshootingcamp.com\/en\/location\/","name":"Location - Danilo An\u0111u\u0161i\u0107 Basktball Camp","isPartOf":{"@id":"https:\/\/andjusicshootingcamp.com\/#website"},"datePublished":"2024-01-17T15:05:17+00:00","dateModified":"2025-12-02T12:39:11+00:00","description":"The perfect location for honing your basketball skills. Experience top-notch coaching and facilities in a stunning setting.","breadcrumb":{"@id":"https:\/\/andjusicshootingcamp.com\/en\/location\/#breadcrumb"},"inLanguage":"en-US","potentialAction":[{"@type":"ReadAction","target":["https:\/\/andjusicshootingcamp.com\/en\/location\/"]}]},{"@type":"BreadcrumbList","@id":"https:\/\/andjusicshootingcamp.com\/en\/location\/#breadcrumb","itemListElement":[{"@type":"ListItem","position":1,"name":"Home","item":"https:\/\/andjusicshootingcamp.com\/en\/"},{"@type":"ListItem","position":2,"name":"Location"}]},{"@type":"WebSite","@id":"https:\/\/andjusicshootingcamp.com\/#website","url":"https:\/\/andjusicshootingcamp.com\/","name":"andjusicshootingcamp.com","description":"Pridru\u017eite se na\u0161em ko\u0161arka\u0161kom kampu od od 23. juna do 11. jula.","publisher":{"@id":"https:\/\/andjusicshootingcamp.com\/#organization"},"alternateName":"AN\u0110U\u0160I\u0106 SHOOTING CAMP","potentialAction":[{"@type":"SearchAction","target":{"@type":"EntryPoint","urlTemplate":"https:\/\/andjusicshootingcamp.com\/?s={search_term_string}"},"query-input":"required name=search_term_string"}],"inLanguage":"en-US"},{"@type":"Organization","@id":"https:\/\/andjusicshootingcamp.com\/#organization","name":"DANILO AN\u0110U\u0160I\u0106 SHOOTING CAMP","alternateName":"AN\u0110U\u0160I\u0106 SHOOTING CAMP","url":"https:\/\/andjusicshootingcamp.com\/","logo":{"@type":"ImageObject","inLanguage":"en-US","@id":"https:\/\/andjusicshootingcamp.com\/#\/schema\/logo\/image\/","url":"https:\/\/andjusicshootingcamp.com\/wp-content\/uploads\/2024\/03\/favicon-1.png","contentUrl":"https:\/\/andjusicshootingcamp.com\/wp-content\/uploads\/2024\/03\/favicon-1.png","width":480,"height":480,"caption":"DANILO AN\u0110U\u0160I\u0106 SHOOTING CAMP"},"image":{"@id":"https:\/\/andjusicshootingcamp.com\/#\/schema\/logo\/image\/"},"sameAs":["https:\/\/www.instagram.com\/daniloandjusic.shootingcamp\/"]}]}},"_links":{"self":[{"href":"https:\/\/andjusicshootingcamp.com\/en\/wp-json\/wp\/v2\/pages\/28"}],"collection":[{"href":"https:\/\/andjusicshootingcamp.com\/en\/wp-json\/wp\/v2\/pages"}],"about":[{"href":"https:\/\/andjusicshootingcamp.com\/en\/wp-json\/wp\/v2\/types\/page"}],"author":[{"embeddable":true,"href":"https:\/\/andjusicshootingcamp.com\/en\/wp-json\/wp\/v2\/users\/1"}],"replies":[{"embeddable":true,"href":"https:\/\/andjusicshootingcamp.com\/en\/wp-json\/wp\/v2\/comments?post=28"}],"version-history":[{"count":72,"href":"https:\/\/andjusicshootingcamp.com\/en\/wp-json\/wp\/v2\/pages\/28\/revisions"}],"predecessor-version":[{"id":2308,"href":"https:\/\/andjusicshootingcamp.com\/en\/wp-json\/wp\/v2\/pages\/28\/revisions\/2308"}],"wp:attachment":[{"href":"https:\/\/andjusicshootingcamp.com\/en\/wp-json\/wp\/v2\/media?parent=28"}],"curies":[{"name":"wp","href":"https:\/\/api.w.org\/{rel}","templated":true}]}}